
{"id":2936,"date":"2023-06-12T10:19:40","date_gmt":"2023-06-12T10:19:40","guid":{"rendered":"https:\/\/nutsindulgenceclub.com\/?page_id=2936"},"modified":"2023-06-23T09:19:11","modified_gmt":"2023-06-23T09:19:11","slug":"elementor-2936","status":"publish","type":"page","link":"https:\/\/nutsindulgenceclub.com\/es\/elementor-2936\/","title":{"rendered":"Programacion"},"content":{"rendered":"<div data-elementor-type=\"wp-page\" data-elementor-id=\"2936\" class=\"elementor elementor-2936\" data-elementor-post-type=\"page\">\n\t\t\t\t\t\t<section class=\"elementor-section elementor-top-section elementor-element elementor-element-4246b23 elementor-section-full_width elementor-section-content-middle elementor-section-stretched elementor-section-height-default elementor-section-height-default\" data-id=\"4246b23\" data-element_type=\"section\" data-e-type=\"section\" data-settings=\"{&quot;stretch_section&quot;:&quot;section-stretched&quot;,&quot;sticky&quot;:&quot;top&quot;,&quot;sticky_on&quot;:[&quot;desktop&quot;,&quot;tablet&quot;,&quot;mobile&quot;],&quot;sticky_offset&quot;:0,&quot;sticky_effects_offset&quot;:0,&quot;sticky_anchor_link_offset&quot;:0}\">\n\t\t\t\t\t\t<div class=\"elementor-container elementor-column-gap-default\">\n\t\t\t\t\t<div class=\"elementor-column elementor-col-100 elementor-top-column elementor-element elementor-element-7c29383\" data-id=\"7c29383\" data-element_type=\"column\" data-e-type=\"column\">\n\t\t\t<div class=\"elementor-widget-wrap elementor-element-populated\">\n\t\t\t\t\t\t<div class=\"elementor-element elementor-element-ddee6bc elementor-nav-menu__align-center elementor-nav-menu--dropdown-mobile elementor-nav-menu--stretch elementor-nav-menu__text-align-aside elementor-nav-menu--toggle elementor-nav-menu--burger elementor-widget elementor-widget-nav-menu\" data-id=\"ddee6bc\" data-element_type=\"widget\" data-e-type=\"widget\" data-settings=\"{&quot;full_width&quot;:&quot;stretch&quot;,&quot;layout&quot;:&quot;horizontal&quot;,&quot;submenu_icon&quot;:{&quot;value&quot;:&quot;&lt;i class=\\&quot;fas fa-caret-down\\&quot; aria-hidden=\\&quot;true\\&quot;&gt;&lt;\\\/i&gt;&quot;,&quot;library&quot;:&quot;fa-solid&quot;},&quot;toggle&quot;:&quot;burger&quot;}\" data-widget_type=\"nav-menu.default\">\n\t\t\t\t<div class=\"elementor-widget-container\">\n\t\t\t\t\t\t\t\t<nav aria-label=\"Men\u00fa\" class=\"elementor-nav-menu--main elementor-nav-menu__container elementor-nav-menu--layout-horizontal e--pointer-underline e--animation-fade\">\n\t\t\t\t<ul id=\"menu-1-ddee6bc\" class=\"elementor-nav-menu\"><li class=\"menu-item menu-item-type-post_type menu-item-object-page menu-item-home menu-item-2701\"><a href=\"https:\/\/nutsindulgenceclub.com\/es\/\" class=\"elementor-item\">Home<\/a><\/li>\n<li class=\"menu-item menu-item-type-post_type menu-item-object-page menu-item-2595\"><a href=\"https:\/\/nutsindulgenceclub.com\/es\/sobre-nosotros\/\" class=\"elementor-item\">Sobre nosotros<\/a><\/li>\n<li class=\"menu-item menu-item-type-post_type menu-item-object-page menu-item-2779\"><a href=\"https:\/\/nutsindulgenceclub.com\/es\/elementor-2734\/\" class=\"elementor-item\">Nuts Club<\/a><\/li>\n<li class=\"menu-item menu-item-type-post_type menu-item-object-page menu-item-2840\"><a href=\"https:\/\/nutsindulgenceclub.com\/es\/elementor-2834\/\" class=\"elementor-item\">Members<\/a><\/li>\n<li class=\"menu-item menu-item-type-post_type menu-item-object-page menu-item-2932\"><a href=\"https:\/\/nutsindulgenceclub.com\/es\/elementor-2899\/\" class=\"elementor-item\">Carta<\/a><\/li>\n<li class=\"menu-item menu-item-type-post_type menu-item-object-page menu-item-2948\"><a href=\"https:\/\/nutsindulgenceclub.com\/es\/elementor-2936\/\" class=\"elementor-item\">Programaci\u00f3n<\/a><\/li>\n<li class=\"menu-item menu-item-type-post_type menu-item-object-page menu-item-3194\"><a href=\"https:\/\/nutsindulgenceclub.com\/es\/elementor-3163\/\" class=\"elementor-item\">Prensa<\/a><\/li>\n<li class=\"menu-item menu-item-type-post_type menu-item-object-page menu-item-3203\"><a href=\"https:\/\/nutsindulgenceclub.com\/es\/reservas\/\" class=\"elementor-item\">Reservas<\/a><\/li>\n<\/ul>\t\t\t<\/nav>\n\t\t\t\t\t<div class=\"elementor-menu-toggle\" role=\"button\" tabindex=\"0\" aria-label=\"Alternar men\u00fa\" aria-expanded=\"false\">\n\t\t\t<i aria-hidden=\"true\" role=\"presentation\" class=\"elementor-menu-toggle__icon--open eicon-menu-bar\"><\/i><i aria-hidden=\"true\" role=\"presentation\" class=\"elementor-menu-toggle__icon--close eicon-close\"><\/i>\t\t<\/div>\n\t\t\t\t\t<nav class=\"elementor-nav-menu--dropdown elementor-nav-menu__container\" aria-hidden=\"true\">\n\t\t\t\t<ul id=\"menu-2-ddee6bc\" class=\"elementor-nav-menu\"><li class=\"menu-item menu-item-type-post_type menu-item-object-page menu-item-home menu-item-2701\"><a href=\"https:\/\/nutsindulgenceclub.com\/es\/\" class=\"elementor-item\" tabindex=\"-1\">Home<\/a><\/li>\n<li class=\"menu-item menu-item-type-post_type menu-item-object-page menu-item-2595\"><a href=\"https:\/\/nutsindulgenceclub.com\/es\/sobre-nosotros\/\" class=\"elementor-item\" tabindex=\"-1\">Sobre nosotros<\/a><\/li>\n<li class=\"menu-item menu-item-type-post_type menu-item-object-page menu-item-2779\"><a href=\"https:\/\/nutsindulgenceclub.com\/es\/elementor-2734\/\" class=\"elementor-item\" tabindex=\"-1\">Nuts Club<\/a><\/li>\n<li class=\"menu-item menu-item-type-post_type menu-item-object-page menu-item-2840\"><a href=\"https:\/\/nutsindulgenceclub.com\/es\/elementor-2834\/\" class=\"elementor-item\" tabindex=\"-1\">Members<\/a><\/li>\n<li class=\"menu-item menu-item-type-post_type menu-item-object-page menu-item-2932\"><a href=\"https:\/\/nutsindulgenceclub.com\/es\/elementor-2899\/\" class=\"elementor-item\" tabindex=\"-1\">Carta<\/a><\/li>\n<li class=\"menu-item menu-item-type-post_type menu-item-object-page menu-item-2948\"><a href=\"https:\/\/nutsindulgenceclub.com\/es\/elementor-2936\/\" class=\"elementor-item\" tabindex=\"-1\">Programaci\u00f3n<\/a><\/li>\n<li class=\"menu-item menu-item-type-post_type menu-item-object-page menu-item-3194\"><a href=\"https:\/\/nutsindulgenceclub.com\/es\/elementor-3163\/\" class=\"elementor-item\" tabindex=\"-1\">Prensa<\/a><\/li>\n<li class=\"menu-item menu-item-type-post_type menu-item-object-page menu-item-3203\"><a href=\"https:\/\/nutsindulgenceclub.com\/es\/reservas\/\" class=\"elementor-item\" tabindex=\"-1\">Reservas<\/a><\/li>\n<\/ul>\t\t\t<\/nav>\n\t\t\t\t\t\t<\/div>\n\t\t\t\t<\/div>\n\t\t\t\t\t<\/div>\n\t\t<\/div>\n\t\t\t\t\t<\/div>\n\t\t<\/section>\n\t\t\t\t<section class=\"elementor-section elementor-top-section elementor-element elementor-element-53f00eb elementor-section-boxed elementor-section-height-default elementor-section-height-default\" data-id=\"53f00eb\" data-element_type=\"section\" data-e-type=\"section\">\n\t\t\t\t\t\t<div class=\"elementor-container elementor-column-gap-default\">\n\t\t\t\t\t<div class=\"elementor-column elementor-col-100 elementor-top-column elementor-element elementor-element-7ccbf4c\" data-id=\"7ccbf4c\" data-element_type=\"column\" data-e-type=\"column\">\n\t\t\t<div class=\"elementor-widget-wrap elementor-element-populated\">\n\t\t\t\t\t\t<div class=\"elementor-element elementor-element-428f0db elementor-widget elementor-widget-text-editor\" data-id=\"428f0db\" data-element_type=\"widget\" data-e-type=\"widget\" data-widget_type=\"text-editor.default\">\n\t\t\t\t<div class=\"elementor-widget-container\">\n\t\t\t\t\t\t\t\t\t<p>Sum\u00e9rgete en el exquisito mundo de nuestra cockteler\u00eda chic en el coraz\u00f3n de Barcelona. Descubre el encanto de nuestra propuesta, donde cada semana te sorprenderemos con apasionantes live shows en directo, anunciados a trav\u00e9s de nuestras redes sociales.<\/p>\n<p>D\u00e9jate seducir por la fusi\u00f3n de sabores y la magia que envuelve nuestro espacio, convirtiendo cada visita en un momento inolvidable. Te invitamos a explorar un mundo de elegancia y sofisticaci\u00f3n en cada cocktail que degustes. \u00a1Bienvenido a nuestra cockteler\u00eda, donde la exclusividad y la emoci\u00f3n se encuentran en cada experiencia!<\/p>\t\t\t\t\t\t\t\t<\/div>\n\t\t\t\t<\/div>\n\t\t\t\t<div class=\"elementor-element elementor-element-7de0ff4 elementor-align-center elementor-widget elementor-widget-button\" data-id=\"7de0ff4\" data-element_type=\"widget\" data-e-type=\"widget\" data-widget_type=\"button.default\">\n\t\t\t\t<div class=\"elementor-widget-container\">\n\t\t\t\t\t\t\t\t\t<div class=\"elementor-button-wrapper\">\n\t\t\t\t\t<a class=\"elementor-button elementor-button-link elementor-size-sm\" href=\"https:\/\/www.instagram.com\/nutsindulgenceclub\/\" target=\"_blank\">\n\t\t\t\t\t\t<span class=\"elementor-button-content-wrapper\">\n\t\t\t\t\t\t\t\t\t<span class=\"elementor-button-text\">VER NUESTRA PROGRAMACI\u00d3N EN INSTAGRAM<\/span>\n\t\t\t\t\t<\/span>\n\t\t\t\t\t<\/a>\n\t\t\t\t<\/div>\n\t\t\t\t\t\t\t\t<\/div>\n\t\t\t\t<\/div>\n\t\t\t\t\t<\/div>\n\t\t<\/div>\n\t\t\t\t\t<\/div>\n\t\t<\/section>\n\t\t\t\t<section class=\"elementor-section elementor-top-section elementor-element elementor-element-85411dd elementor-section-boxed elementor-section-height-default elementor-section-height-default\" data-id=\"85411dd\" data-element_type=\"section\" data-e-type=\"section\">\n\t\t\t\t\t\t<div class=\"elementor-container elementor-column-gap-default\">\n\t\t\t\t\t<div class=\"elementor-column elementor-col-33 elementor-top-column elementor-element elementor-element-7a3b4c4\" data-id=\"7a3b4c4\" data-element_type=\"column\" data-e-type=\"column\">\n\t\t\t<div class=\"elementor-widget-wrap elementor-element-populated\">\n\t\t\t\t\t\t<div class=\"elementor-element elementor-element-86286d0 elementor-position-top elementor-widget elementor-widget-image-box\" data-id=\"86286d0\" data-element_type=\"widget\" data-e-type=\"widget\" data-widget_type=\"image-box.default\">\n\t\t\t\t<div class=\"elementor-widget-container\">\n\t\t\t\t\t<div class=\"elementor-image-box-wrapper\"><figure class=\"elementor-image-box-img\"><img fetchpriority=\"high\" decoding=\"async\" width=\"1080\" height=\"1350\" src=\"https:\/\/nutsindulgenceclub.com\/wp-content\/uploads\/2023\/06\/EVENT-LIQUID.png\" class=\"attachment-full size-full wp-image-3270\" alt=\"\" srcset=\"https:\/\/nutsindulgenceclub.com\/wp-content\/uploads\/2023\/06\/EVENT-LIQUID.png 1080w, https:\/\/nutsindulgenceclub.com\/wp-content\/uploads\/2023\/06\/EVENT-LIQUID-240x300.png 240w, https:\/\/nutsindulgenceclub.com\/wp-content\/uploads\/2023\/06\/EVENT-LIQUID-819x1024.png 819w, https:\/\/nutsindulgenceclub.com\/wp-content\/uploads\/2023\/06\/EVENT-LIQUID-768x960.png 768w, https:\/\/nutsindulgenceclub.com\/wp-content\/uploads\/2023\/06\/EVENT-LIQUID-10x12.png 10w\" sizes=\"(max-width: 1080px) 100vw, 1080px\" \/><\/figure><div class=\"elementor-image-box-content\"><h3 class=\"elementor-image-box-title\">28 DE JUNIO<\/h3><p class=\"elementor-image-box-description\">SPECTACULAR GIN LIQUID JOURNEY<\/p><\/div><\/div>\t\t\t\t<\/div>\n\t\t\t\t<\/div>\n\t\t\t\t\t<\/div>\n\t\t<\/div>\n\t\t\t\t<div class=\"elementor-column elementor-col-33 elementor-top-column elementor-element elementor-element-b81285e\" data-id=\"b81285e\" data-element_type=\"column\" data-e-type=\"column\">\n\t\t\t<div class=\"elementor-widget-wrap elementor-element-populated\">\n\t\t\t\t\t\t<div class=\"elementor-element elementor-element-965dbe3 elementor-position-top elementor-widget elementor-widget-image-box\" data-id=\"965dbe3\" data-element_type=\"widget\" data-e-type=\"widget\" data-widget_type=\"image-box.default\">\n\t\t\t\t<div class=\"elementor-widget-container\">\n\t\t\t\t\t<div class=\"elementor-image-box-wrapper\"><figure class=\"elementor-image-box-img\"><img decoding=\"async\" width=\"1080\" height=\"1350\" src=\"https:\/\/nutsindulgenceclub.com\/wp-content\/uploads\/2023\/06\/21.jpg\" class=\"attachment-full size-full wp-image-2654\" alt=\"\" srcset=\"https:\/\/nutsindulgenceclub.com\/wp-content\/uploads\/2023\/06\/21.jpg 1080w, https:\/\/nutsindulgenceclub.com\/wp-content\/uploads\/2023\/06\/21-240x300.jpg 240w, https:\/\/nutsindulgenceclub.com\/wp-content\/uploads\/2023\/06\/21-819x1024.jpg 819w, https:\/\/nutsindulgenceclub.com\/wp-content\/uploads\/2023\/06\/21-768x960.jpg 768w, https:\/\/nutsindulgenceclub.com\/wp-content\/uploads\/2023\/06\/21-10x12.jpg 10w\" sizes=\"(max-width: 1080px) 100vw, 1080px\" \/><\/figure><div class=\"elementor-image-box-content\"><h3 class=\"elementor-image-box-title\">23 DE ABRIL<\/h3><p class=\"elementor-image-box-description\">SANT JORDI 2023<\/p><\/div><\/div>\t\t\t\t<\/div>\n\t\t\t\t<\/div>\n\t\t\t\t\t<\/div>\n\t\t<\/div>\n\t\t\t\t<div class=\"elementor-column elementor-col-33 elementor-top-column elementor-element elementor-element-4051f46\" data-id=\"4051f46\" data-element_type=\"column\" data-e-type=\"column\">\n\t\t\t<div class=\"elementor-widget-wrap elementor-element-populated\">\n\t\t\t\t\t\t<div class=\"elementor-element elementor-element-844cc3b elementor-position-top elementor-widget elementor-widget-image-box\" data-id=\"844cc3b\" data-element_type=\"widget\" data-e-type=\"widget\" data-widget_type=\"image-box.default\">\n\t\t\t\t<div class=\"elementor-widget-container\">\n\t\t\t\t\t<div class=\"elementor-image-box-wrapper\"><figure class=\"elementor-image-box-img\"><img decoding=\"async\" width=\"1414\" height=\"2000\" src=\"https:\/\/nutsindulgenceclub.com\/wp-content\/uploads\/2023\/06\/22.jpg\" class=\"attachment-full size-full wp-image-2655\" alt=\"\" srcset=\"https:\/\/nutsindulgenceclub.com\/wp-content\/uploads\/2023\/06\/22.jpg 1414w, https:\/\/nutsindulgenceclub.com\/wp-content\/uploads\/2023\/06\/22-212x300.jpg 212w, https:\/\/nutsindulgenceclub.com\/wp-content\/uploads\/2023\/06\/22-724x1024.jpg 724w, https:\/\/nutsindulgenceclub.com\/wp-content\/uploads\/2023\/06\/22-768x1086.jpg 768w, https:\/\/nutsindulgenceclub.com\/wp-content\/uploads\/2023\/06\/22-1086x1536.jpg 1086w, https:\/\/nutsindulgenceclub.com\/wp-content\/uploads\/2023\/06\/22-8x12.jpg 8w\" sizes=\"(max-width: 1414px) 100vw, 1414px\" \/><\/figure><div class=\"elementor-image-box-content\"><h3 class=\"elementor-image-box-title\">29 DE MARZO<\/h3><p class=\"elementor-image-box-description\">CAVIAR EXPERIENCE<\/p><\/div><\/div>\t\t\t\t<\/div>\n\t\t\t\t<\/div>\n\t\t\t\t\t<\/div>\n\t\t<\/div>\n\t\t\t\t\t<\/div>\n\t\t<\/section>\n\t\t\t\t<\/div>","protected":false},"excerpt":{"rendered":"<p>Sum\u00e9rgete en el exquisito mundo de nuestra cockteler\u00eda chic en el coraz\u00f3n de Barcelona. Descubre el encanto de nuestra propuesta, donde cada semana te sorprenderemos con apasionantes live shows en directo, anunciados a trav\u00e9s de nuestras redes sociales. D\u00e9jate seducir por la fusi\u00f3n de sabores &hellip; <\/p>","protected":false},"author":1,"featured_media":0,"parent":0,"menu_order":0,"comment_status":"closed","ping_status":"closed","template":"elementor_canvas","meta":{"om_disable_all_campaigns":false,"inline_featured_image":false,"_monsterinsights_skip_tracking":false,"_monsterinsights_sitenote_active":false,"_monsterinsights_sitenote_note":"","_monsterinsights_sitenote_category":0,"_uf_show_specific_survey":0,"_uf_disable_surveys":false,"footnotes":""},"class_list":["post-2936","page","type-page","status-publish","hentry"],"aioseo_notices":[],"_links":{"self":[{"href":"https:\/\/nutsindulgenceclub.com\/es\/wp-json\/wp\/v2\/pages\/2936","targetHints":{"allow":["GET"]}}],"collection":[{"href":"https:\/\/nutsindulgenceclub.com\/es\/wp-json\/wp\/v2\/pages"}],"about":[{"href":"https:\/\/nutsindulgenceclub.com\/es\/wp-json\/wp\/v2\/types\/page"}],"author":[{"embeddable":true,"href":"https:\/\/nutsindulgenceclub.com\/es\/wp-json\/wp\/v2\/users\/1"}],"replies":[{"embeddable":true,"href":"https:\/\/nutsindulgenceclub.com\/es\/wp-json\/wp\/v2\/comments?post=2936"}],"version-history":[{"count":50,"href":"https:\/\/nutsindulgenceclub.com\/es\/wp-json\/wp\/v2\/pages\/2936\/revisions"}],"predecessor-version":[{"id":3273,"href":"https:\/\/nutsindulgenceclub.com\/es\/wp-json\/wp\/v2\/pages\/2936\/revisions\/3273"}],"wp:attachment":[{"href":"https:\/\/nutsindulgenceclub.com\/es\/wp-json\/wp\/v2\/media?parent=2936"}],"curies":[{"name":"wp","href":"https:\/\/api.w.org\/{rel}","templated":true}]}}