
{"id":2593,"date":"2023-06-11T22:28:49","date_gmt":"2023-06-11T22:28:49","guid":{"rendered":"https:\/\/nutsindulgenceclub.com\/?page_id=2593"},"modified":"2023-07-12T22:44:51","modified_gmt":"2023-07-12T22:44:51","slug":"sobre-nosotros","status":"publish","type":"page","link":"https:\/\/nutsindulgenceclub.com\/es\/sobre-nosotros\/","title":{"rendered":"Sobre nosotros"},"content":{"rendered":"<div data-elementor-type=\"wp-page\" data-elementor-id=\"2593\" class=\"elementor elementor-2593\" data-elementor-post-type=\"page\">\n\t\t\t\t\t\t<section class=\"elementor-section elementor-top-section elementor-element elementor-element-6823962 elementor-section-full_width elementor-section-content-middle elementor-section-stretched elementor-section-height-default elementor-section-height-default\" data-id=\"6823962\" data-element_type=\"section\" data-e-type=\"section\" data-settings=\"{&quot;stretch_section&quot;:&quot;section-stretched&quot;,&quot;sticky&quot;:&quot;top&quot;,&quot;sticky_on&quot;:[&quot;desktop&quot;,&quot;tablet&quot;,&quot;mobile&quot;],&quot;sticky_offset&quot;:0,&quot;sticky_effects_offset&quot;:0,&quot;sticky_anchor_link_offset&quot;:0}\">\n\t\t\t\t\t\t<div class=\"elementor-container elementor-column-gap-default\">\n\t\t\t\t\t<div class=\"elementor-column elementor-col-100 elementor-top-column elementor-element elementor-element-60bcde2\" data-id=\"60bcde2\" data-element_type=\"column\" data-e-type=\"column\">\n\t\t\t<div class=\"elementor-widget-wrap elementor-element-populated\">\n\t\t\t\t\t\t<div class=\"elementor-element elementor-element-8ff1430 elementor-nav-menu__align-center elementor-nav-menu--dropdown-mobile elementor-nav-menu--stretch elementor-nav-menu__text-align-aside elementor-nav-menu--toggle elementor-nav-menu--burger elementor-widget elementor-widget-nav-menu\" data-id=\"8ff1430\" data-element_type=\"widget\" data-e-type=\"widget\" data-settings=\"{&quot;full_width&quot;:&quot;stretch&quot;,&quot;layout&quot;:&quot;horizontal&quot;,&quot;submenu_icon&quot;:{&quot;value&quot;:&quot;&lt;i class=\\&quot;fas fa-caret-down\\&quot; aria-hidden=\\&quot;true\\&quot;&gt;&lt;\\\/i&gt;&quot;,&quot;library&quot;:&quot;fa-solid&quot;},&quot;toggle&quot;:&quot;burger&quot;}\" data-widget_type=\"nav-menu.default\">\n\t\t\t\t<div class=\"elementor-widget-container\">\n\t\t\t\t\t\t\t\t<nav aria-label=\"Men\u00fa\" class=\"elementor-nav-menu--main elementor-nav-menu__container elementor-nav-menu--layout-horizontal e--pointer-underline e--animation-fade\">\n\t\t\t\t<ul id=\"menu-1-8ff1430\" class=\"elementor-nav-menu\"><li class=\"menu-item menu-item-type-post_type menu-item-object-page menu-item-home menu-item-2701\"><a href=\"https:\/\/nutsindulgenceclub.com\/es\/\" class=\"elementor-item\">Home<\/a><\/li>\n<li class=\"menu-item menu-item-type-post_type menu-item-object-page menu-item-2595\"><a href=\"https:\/\/nutsindulgenceclub.com\/es\/sobre-nosotros\/\" class=\"elementor-item\">Sobre nosotros<\/a><\/li>\n<li class=\"menu-item menu-item-type-post_type menu-item-object-page menu-item-2779\"><a href=\"https:\/\/nutsindulgenceclub.com\/es\/elementor-2734\/\" class=\"elementor-item\">Nuts Club<\/a><\/li>\n<li class=\"menu-item menu-item-type-post_type menu-item-object-page menu-item-2840\"><a href=\"https:\/\/nutsindulgenceclub.com\/es\/elementor-2834\/\" class=\"elementor-item\">Members<\/a><\/li>\n<li class=\"menu-item menu-item-type-post_type menu-item-object-page menu-item-2932\"><a href=\"https:\/\/nutsindulgenceclub.com\/es\/elementor-2899\/\" class=\"elementor-item\">Carta<\/a><\/li>\n<li class=\"menu-item menu-item-type-post_type menu-item-object-page menu-item-2948\"><a href=\"https:\/\/nutsindulgenceclub.com\/es\/elementor-2936\/\" class=\"elementor-item\">Programaci\u00f3n<\/a><\/li>\n<li class=\"menu-item menu-item-type-post_type menu-item-object-page menu-item-3194\"><a href=\"https:\/\/nutsindulgenceclub.com\/es\/elementor-3163\/\" class=\"elementor-item\">Prensa<\/a><\/li>\n<li class=\"menu-item menu-item-type-post_type menu-item-object-page menu-item-3203\"><a href=\"https:\/\/nutsindulgenceclub.com\/es\/reservas\/\" class=\"elementor-item\">Reservas<\/a><\/li>\n<\/ul>\t\t\t<\/nav>\n\t\t\t\t\t<div class=\"elementor-menu-toggle\" role=\"button\" tabindex=\"0\" aria-label=\"Alternar men\u00fa\" aria-expanded=\"false\">\n\t\t\t<i aria-hidden=\"true\" role=\"presentation\" class=\"elementor-menu-toggle__icon--open eicon-menu-bar\"><\/i><i aria-hidden=\"true\" role=\"presentation\" class=\"elementor-menu-toggle__icon--close eicon-close\"><\/i>\t\t<\/div>\n\t\t\t\t\t<nav class=\"elementor-nav-menu--dropdown elementor-nav-menu__container\" aria-hidden=\"true\">\n\t\t\t\t<ul id=\"menu-2-8ff1430\" class=\"elementor-nav-menu\"><li class=\"menu-item menu-item-type-post_type menu-item-object-page menu-item-home menu-item-2701\"><a href=\"https:\/\/nutsindulgenceclub.com\/es\/\" class=\"elementor-item\" tabindex=\"-1\">Home<\/a><\/li>\n<li class=\"menu-item menu-item-type-post_type menu-item-object-page menu-item-2595\"><a href=\"https:\/\/nutsindulgenceclub.com\/es\/sobre-nosotros\/\" class=\"elementor-item\" tabindex=\"-1\">Sobre nosotros<\/a><\/li>\n<li class=\"menu-item menu-item-type-post_type menu-item-object-page menu-item-2779\"><a href=\"https:\/\/nutsindulgenceclub.com\/es\/elementor-2734\/\" class=\"elementor-item\" tabindex=\"-1\">Nuts Club<\/a><\/li>\n<li class=\"menu-item menu-item-type-post_type menu-item-object-page menu-item-2840\"><a href=\"https:\/\/nutsindulgenceclub.com\/es\/elementor-2834\/\" class=\"elementor-item\" tabindex=\"-1\">Members<\/a><\/li>\n<li class=\"menu-item menu-item-type-post_type menu-item-object-page menu-item-2932\"><a href=\"https:\/\/nutsindulgenceclub.com\/es\/elementor-2899\/\" class=\"elementor-item\" tabindex=\"-1\">Carta<\/a><\/li>\n<li class=\"menu-item menu-item-type-post_type menu-item-object-page menu-item-2948\"><a href=\"https:\/\/nutsindulgenceclub.com\/es\/elementor-2936\/\" class=\"elementor-item\" tabindex=\"-1\">Programaci\u00f3n<\/a><\/li>\n<li class=\"menu-item menu-item-type-post_type menu-item-object-page menu-item-3194\"><a href=\"https:\/\/nutsindulgenceclub.com\/es\/elementor-3163\/\" class=\"elementor-item\" tabindex=\"-1\">Prensa<\/a><\/li>\n<li class=\"menu-item menu-item-type-post_type menu-item-object-page menu-item-3203\"><a href=\"https:\/\/nutsindulgenceclub.com\/es\/reservas\/\" class=\"elementor-item\" tabindex=\"-1\">Reservas<\/a><\/li>\n<\/ul>\t\t\t<\/nav>\n\t\t\t\t\t\t<\/div>\n\t\t\t\t<\/div>\n\t\t\t\t\t<\/div>\n\t\t<\/div>\n\t\t\t\t\t<\/div>\n\t\t<\/section>\n\t\t\t\t<section class=\"elementor-section elementor-top-section elementor-element elementor-element-d856765 elementor-section-height-full elementor-section-full_width elementor-section-height-default elementor-section-items-middle\" data-id=\"d856765\" data-element_type=\"section\" data-e-type=\"section\">\n\t\t\t\t\t\t<div class=\"elementor-container elementor-column-gap-default\">\n\t\t\t\t\t<div class=\"elementor-column elementor-col-50 elementor-top-column elementor-element elementor-element-0dcf54f\" data-id=\"0dcf54f\" data-element_type=\"column\" data-e-type=\"column\">\n\t\t\t<div class=\"elementor-widget-wrap elementor-element-populated\">\n\t\t\t\t\t\t<div class=\"elementor-element elementor-element-b13e7ed elementor-widget elementor-widget-text-editor\" data-id=\"b13e7ed\" data-element_type=\"widget\" data-e-type=\"widget\" data-widget_type=\"text-editor.default\">\n\t\t\t\t<div class=\"elementor-widget-container\">\n\t\t\t\t\t\t\t\t\t<p><strong>NUTS INDULGENCE<\/strong><\/p><p>C\u00f3cteles, jazz y zona privada<br \/>Dos dise\u00f1adores reconocidos se embarcaron y convencieron para emprender esta historia extravagante y \u00fanica juntos.<\/p><p>\u00a0<\/p><p><strong>La historia<\/strong><br \/>Todo empieza en una esquina, Muntaner con Rosell\u00f3, en Barcelona, con dos amigos, L\u00e1zaro Rosa-Viol\u00e1n y Jos\u00e9 Mar\u00eda Morera. \u00bfEl resultado? Un lugar que parece que lleve toda la vida, la aventura de una troupe de exc\u00e9ntricos o una oda a los personajes singulares.<br \/>Y es que&#8230; Nuts es el resultado de la colaboraci\u00f3n entre dos amigos dise\u00f1adores, L\u00e1zaro Rosa-Viol\u00e1n y Jos\u00e9 Mar\u00eda Morera, quienes combinaron sus habilidades para crear un concepto de cocteler\u00eda \u00fanica para aquellos que aprecian los peque\u00f1os detalles.<br \/>Su filosof\u00eda se caracteriza por ser extravagante y excepcional: ofrecer una propuesta de calidad elegante en un ambiente m\u00e1gico para disfrutar de bebidas \u00fanicas.<\/p>\t\t\t\t\t\t\t\t<\/div>\n\t\t\t\t<\/div>\n\t\t\t\t<div class=\"elementor-element elementor-element-8be11d6 elementor-align-center elementor-widget elementor-widget-button\" data-id=\"8be11d6\" data-element_type=\"widget\" data-e-type=\"widget\" data-widget_type=\"button.default\">\n\t\t\t\t<div class=\"elementor-widget-container\">\n\t\t\t\t\t\t\t\t\t<div class=\"elementor-button-wrapper\">\n\t\t\t\t\t<a class=\"elementor-button elementor-button-link elementor-size-sm\" href=\"mailto:membership@thepointhandshakers.com\" target=\"_blank\">\n\t\t\t\t\t\t<span class=\"elementor-button-content-wrapper\">\n\t\t\t\t\t\t\t\t\t<span class=\"elementor-button-text\">Hazte miembro<\/span>\n\t\t\t\t\t<\/span>\n\t\t\t\t\t<\/a>\n\t\t\t\t<\/div>\n\t\t\t\t\t\t\t\t<\/div>\n\t\t\t\t<\/div>\n\t\t\t\t\t<\/div>\n\t\t<\/div>\n\t\t\t\t<div class=\"elementor-column elementor-col-50 elementor-top-column elementor-element elementor-element-f0ce9e4\" data-id=\"f0ce9e4\" data-element_type=\"column\" data-e-type=\"column\" data-settings=\"{&quot;background_background&quot;:&quot;slideshow&quot;,&quot;background_slideshow_gallery&quot;:[{&quot;id&quot;:2657,&quot;url&quot;:&quot;https:\\\/\\\/nutsindulgenceclub.com\\\/wp-content\\\/uploads\\\/2023\\\/06\\\/2-scaled-e1687299847266.jpg&quot;},{&quot;id&quot;:2656,&quot;url&quot;:&quot;https:\\\/\\\/nutsindulgenceclub.com\\\/wp-content\\\/uploads\\\/2023\\\/06\\\/1-scaled.jpg&quot;},{&quot;id&quot;:3044,&quot;url&quot;:&quot;https:\\\/\\\/nutsindulgenceclub.com\\\/wp-content\\\/uploads\\\/2023\\\/06\\\/Retrato_Nuts_DSCF1027_E_MarcMedina-scaled.jpg&quot;},{&quot;id&quot;:3045,&quot;url&quot;:&quot;https:\\\/\\\/nutsindulgenceclub.com\\\/wp-content\\\/uploads\\\/2023\\\/06\\\/Retrato_Nuts_DSCF0953_E_MarcMedina-scaled.jpg&quot;}],&quot;background_slideshow_loop&quot;:&quot;yes&quot;,&quot;background_slideshow_slide_duration&quot;:5000,&quot;background_slideshow_slide_transition&quot;:&quot;fade&quot;,&quot;background_slideshow_transition_duration&quot;:500}\">\n\t\t\t<div class=\"elementor-widget-wrap\">\n\t\t\t\t\t\t\t<\/div>\n\t\t<\/div>\n\t\t\t\t\t<\/div>\n\t\t<\/section>\n\t\t\t\t<\/div>","protected":false},"excerpt":{"rendered":"<p>NUTS INDULGENCE C\u00f3cteles, jazz y zona privadaDos dise\u00f1adores reconocidos se embarcaron y convencieron para emprender esta historia extravagante y \u00fanica juntos. \u00a0 La historiaTodo empieza en una esquina, Muntaner con Rosell\u00f3, en Barcelona, con dos amigos, L\u00e1zaro Rosa-Viol\u00e1n y Jos\u00e9 Mar\u00eda Morera. \u00bfEl resultado? Un &hellip; <\/p>","protected":false},"author":1,"featured_media":0,"parent":0,"menu_order":0,"comment_status":"closed","ping_status":"closed","template":"elementor_canvas","meta":{"om_disable_all_campaigns":false,"inline_featured_image":false,"_monsterinsights_skip_tracking":false,"_monsterinsights_sitenote_active":false,"_monsterinsights_sitenote_note":"","_monsterinsights_sitenote_category":0,"_uf_show_specific_survey":0,"_uf_disable_surveys":false,"footnotes":""},"class_list":["post-2593","page","type-page","status-publish","hentry"],"aioseo_notices":[],"_links":{"self":[{"href":"https:\/\/nutsindulgenceclub.com\/es\/wp-json\/wp\/v2\/pages\/2593","targetHints":{"allow":["GET"]}}],"collection":[{"href":"https:\/\/nutsindulgenceclub.com\/es\/wp-json\/wp\/v2\/pages"}],"about":[{"href":"https:\/\/nutsindulgenceclub.com\/es\/wp-json\/wp\/v2\/types\/page"}],"author":[{"embeddable":true,"href":"https:\/\/nutsindulgenceclub.com\/es\/wp-json\/wp\/v2\/users\/1"}],"replies":[{"embeddable":true,"href":"https:\/\/nutsindulgenceclub.com\/es\/wp-json\/wp\/v2\/comments?post=2593"}],"version-history":[{"count":112,"href":"https:\/\/nutsindulgenceclub.com\/es\/wp-json\/wp\/v2\/pages\/2593\/revisions"}],"predecessor-version":[{"id":3295,"href":"https:\/\/nutsindulgenceclub.com\/es\/wp-json\/wp\/v2\/pages\/2593\/revisions\/3295"}],"wp:attachment":[{"href":"https:\/\/nutsindulgenceclub.com\/es\/wp-json\/wp\/v2\/media?parent=2593"}],"curies":[{"name":"wp","href":"https:\/\/api.w.org\/{rel}","templated":true}]}}