
{"id":2530,"date":"2022-03-15T23:59:24","date_gmt":"2022-03-15T23:59:24","guid":{"rendered":"https:\/\/nutsindulgenceclub.com\/?page_id=2530"},"modified":"2022-03-16T02:10:23","modified_gmt":"2022-03-16T02:10:23","slug":"cookies","status":"publish","type":"page","link":"https:\/\/nutsindulgenceclub.com\/es\/cookies\/","title":{"rendered":"Cookies"},"content":{"rendered":"<div data-elementor-type=\"wp-page\" data-elementor-id=\"2530\" class=\"elementor elementor-2530\" data-elementor-post-type=\"page\">\n\t\t\t\t\t\t<section class=\"elementor-section elementor-top-section elementor-element elementor-element-979822d elementor-section-boxed elementor-section-height-default elementor-section-height-default\" data-id=\"979822d\" data-element_type=\"section\" data-e-type=\"section\">\n\t\t\t\t\t\t<div class=\"elementor-container elementor-column-gap-default\">\n\t\t\t\t\t<div class=\"elementor-column elementor-col-100 elementor-top-column elementor-element elementor-element-d8d3ca1\" data-id=\"d8d3ca1\" data-element_type=\"column\" data-e-type=\"column\">\n\t\t\t<div class=\"elementor-widget-wrap elementor-element-populated\">\n\t\t\t\t\t\t<div class=\"elementor-element elementor-element-f9dca6a e-transform elementor-widget__width-inherit elementor-invisible elementor-widget elementor-widget-image\" data-id=\"f9dca6a\" data-element_type=\"widget\" data-e-type=\"widget\" data-settings=\"{&quot;_animation&quot;:&quot;rotateIn&quot;,&quot;_transform_rotateZ_effect_hover&quot;:{&quot;unit&quot;:&quot;px&quot;,&quot;size&quot;:-9,&quot;sizes&quot;:[]},&quot;_transform_rotateZ_effect_hover_tablet&quot;:{&quot;unit&quot;:&quot;deg&quot;,&quot;size&quot;:&quot;&quot;,&quot;sizes&quot;:[]},&quot;_transform_rotateZ_effect_hover_mobile&quot;:{&quot;unit&quot;:&quot;deg&quot;,&quot;size&quot;:&quot;&quot;,&quot;sizes&quot;:[]}}\" data-widget_type=\"image.default\">\n\t\t\t\t<div class=\"elementor-widget-container\">\n\t\t\t\t\t\t\t\t\t\t\t\t\t\t\t\t<a href=\"https:\/\/nutsindulgenceclub.com\/es\/\">\n\t\t\t\t\t\t\t<img fetchpriority=\"high\" decoding=\"async\" width=\"818\" height=\"818\" src=\"https:\/\/nutsindulgenceclub.com\/wp-content\/uploads\/2022\/03\/Nuts-Indulgence-Club-Stamp.svg\" class=\"attachment-large size-large wp-image-667\" alt=\"Nuts Indulgence Club Stamp\" \/>\t\t\t\t\t\t\t\t<\/a>\n\t\t\t\t\t\t\t\t\t\t\t\t\t\t\t<\/div>\n\t\t\t\t<\/div>\n\t\t\t\t\t<\/div>\n\t\t<\/div>\n\t\t\t\t\t<\/div>\n\t\t<\/section>\n\t\t\t\t<div class=\"elementor-section elementor-top-section elementor-element elementor-element-24069636 elementor-section-content-top elementor-section-boxed elementor-section-height-default elementor-section-height-default\" data-id=\"24069636\" data-element_type=\"section\" data-e-type=\"section\" data-settings=\"{&quot;background_background&quot;:&quot;classic&quot;}\">\n\t\t\t\t\t\t\t<div class=\"elementor-background-overlay\"><\/div>\n\t\t\t\t\t\t\t<div class=\"elementor-container elementor-column-gap-no\">\n\t\t\t\t\t<div class=\"elementor-column elementor-col-100 elementor-top-column elementor-element elementor-element-b95b9d4 container-home\" data-id=\"b95b9d4\" data-element_type=\"column\" data-e-type=\"column\">\n\t\t\t<div class=\"elementor-widget-wrap elementor-element-populated\">\n\t\t\t\t\t\t<div class=\"elementor-element elementor-element-10eeee0c elementor-invisible elementor-widget elementor-widget-heading\" data-id=\"10eeee0c\" data-element_type=\"widget\" data-e-type=\"widget\" data-settings=\"{&quot;_animation&quot;:&quot;fadeIn&quot;,&quot;_animation_mobile&quot;:&quot;fadeIn&quot;}\" data-widget_type=\"heading.default\">\n\t\t\t\t<div class=\"elementor-widget-container\">\n\t\t\t\t\t<h1 class=\"elementor-heading-title elementor-size-default\">cookies<\/h1>\t\t\t\t<\/div>\n\t\t\t\t<\/div>\n\t\t\t\t<div class=\"elementor-section elementor-inner-section elementor-element elementor-element-b35ccf1 elementor-section-full_width elementor-section-content-top elementor-section-height-default elementor-section-height-default\" data-id=\"b35ccf1\" data-element_type=\"section\" data-e-type=\"section\">\n\t\t\t\t\t\t<div class=\"elementor-container elementor-column-gap-no\">\n\t\t\t\t\t<div class=\"elementor-column elementor-col-100 elementor-inner-column elementor-element elementor-element-60af31bd\" data-id=\"60af31bd\" data-element_type=\"column\" data-e-type=\"column\">\n\t\t\t<div class=\"elementor-widget-wrap elementor-element-populated\">\n\t\t\t\t\t\t<div class=\"elementor-element elementor-element-551c0ea1 nosotros elementor-invisible elementor-widget elementor-widget-heading\" data-id=\"551c0ea1\" data-element_type=\"widget\" data-e-type=\"widget\" data-settings=\"{&quot;_animation&quot;:&quot;fadeIn&quot;,&quot;_animation_delay&quot;:150}\" data-widget_type=\"heading.default\">\n\t\t\t\t<div class=\"elementor-widget-container\">\n\t\t\t\t\t<h3 class=\"elementor-heading-title elementor-size-default\">1. \u00bfQU\u00c9 SON LAS COOKIES?<\/h3>\t\t\t\t<\/div>\n\t\t\t\t<\/div>\n\t\t\t\t<div class=\"elementor-element elementor-element-3ad2c89 elementor-invisible elementor-widget elementor-widget-text-editor\" data-id=\"3ad2c89\" data-element_type=\"widget\" data-e-type=\"widget\" data-settings=\"{&quot;_animation&quot;:&quot;fadeIn&quot;,&quot;_animation_delay&quot;:200}\" data-widget_type=\"text-editor.default\">\n\t\t\t\t<div class=\"elementor-widget-container\">\n\t\t\t\t\t\t\t\t\t<p>La palabra \u201ccookies\u201d (\u2018galletas\u2019) es el t\u00e9rmino ingl\u00e9s que se utiliza para denominar los peque\u00f1os archivos de texto que se descargan en el navegador del equipo (ordenador, tel\u00e9fono m\u00f3vil, tableta, etc.) de un usuario al navegar en un sitio web, aplicaci\u00f3n o plataforma inform\u00e1tica.<\/p><p>\u00a0<\/p><p>Las cookies aportan grandes ventajas en la prestaci\u00f3n de servicios de la sociedad de la informaci\u00f3n, ya que facilitan y agilizan la navegaci\u00f3n por Internet, y tambi\u00e9n nos ayudan a mejorar la calidad de los servicios que prestamos a nuestros usuarios.<\/p><p>\u00a0<\/p><p>Las cookies, entre otros, permiten almacenar y recuperar informaci\u00f3n sobre los h\u00e1bitos de navegaci\u00f3n de un usuario o de su equipo, lo que nos sirve para conocer qu\u00e9 p\u00e1ginas o utilidades de un sitio web, aplicaci\u00f3n o plataforma son m\u00e1s \u00fatiles y cu\u00e1les no, a efectos de mejorarlas y, dependiendo de la informaci\u00f3n que contengan y de la forma en la que utilice su equipo, tambi\u00e9n pueden utilizarse para reconocer al usuario.<\/p>\t\t\t\t\t\t\t\t<\/div>\n\t\t\t\t<\/div>\n\t\t\t\t\t<\/div>\n\t\t<\/div>\n\t\t\t\t\t<\/div>\n\t\t<\/div>\n\t\t\t\t<div class=\"elementor-section elementor-inner-section elementor-element elementor-element-fdfb10d elementor-section-full_width elementor-section-content-top elementor-section-height-default elementor-section-height-default\" data-id=\"fdfb10d\" data-element_type=\"section\" data-e-type=\"section\">\n\t\t\t\t\t\t<div class=\"elementor-container elementor-column-gap-no\">\n\t\t\t\t\t<div class=\"elementor-column elementor-col-100 elementor-inner-column elementor-element elementor-element-e2cc79b\" data-id=\"e2cc79b\" data-element_type=\"column\" data-e-type=\"column\">\n\t\t\t<div class=\"elementor-widget-wrap elementor-element-populated\">\n\t\t\t\t\t\t<div class=\"elementor-element elementor-element-3c181a4 nosotros elementor-invisible elementor-widget elementor-widget-heading\" data-id=\"3c181a4\" data-element_type=\"widget\" data-e-type=\"widget\" data-settings=\"{&quot;_animation&quot;:&quot;fadeIn&quot;,&quot;_animation_delay&quot;:150}\" data-widget_type=\"heading.default\">\n\t\t\t\t<div class=\"elementor-widget-container\">\n\t\t\t\t\t<h3 class=\"elementor-heading-title elementor-size-default\">2. Tipo de cookies que usamos en este sitio web<\/h3>\t\t\t\t<\/div>\n\t\t\t\t<\/div>\n\t\t\t\t<div class=\"elementor-element elementor-element-7e54d34 elementor-invisible elementor-widget elementor-widget-text-editor\" data-id=\"7e54d34\" data-element_type=\"widget\" data-e-type=\"widget\" data-settings=\"{&quot;_animation&quot;:&quot;fadeIn&quot;,&quot;_animation_delay&quot;:200}\" data-widget_type=\"text-editor.default\">\n\t\t\t\t<div class=\"elementor-widget-container\">\n\t\t\t\t\t\t\t\t\t<p><span style=\"text-decoration: underline;\">Cookies persistentes:<\/span> Son aqu\u00e9llas que permiten al usuario la navegaci\u00f3n a trav\u00e9s de una p\u00e1gina web, plataforma o aplicaci\u00f3n y la utilizaci\u00f3n de las diferentes opciones o servicios que en ella existan como, por ejemplo, controlar el tr\u00e1fico y la comunicaci\u00f3n de datos, identificar la sesi\u00f3n, acceder a partes de acceso restringido, recordar los elementos que integran un pedido, realizar el proceso de compra de un pedido, realizar la solicitud de inscripci\u00f3n o participaci\u00f3n en un evento, utilizar elementos de seguridad durante la navegaci\u00f3n, almacenar contenidos para la difusi\u00f3n de videos o sonido o compartir contenidos a trav\u00e9s de redes sociales.<\/p><p>\u00a0<\/p><p>Esta web utiliza las siguientes cookies de personalizaci\u00f3n:<\/p><p>\u00a0<\/p><table><tbody><tr><td>_icl_current_language<\/td><td>Cookie para almacenar la preferencia de idioma del usuario<\/td><\/tr><\/tbody><\/table><p>\u00a0<\/p><p>\u00a0<\/p><p><span style=\"text-decoration: underline;\">Cookies de an\u00e1lisis:<\/span> Son aqu\u00e9llas que, bien tratadas por nosotros o por terceros, nos permiten cuantificar el n\u00famero de usuarios y as\u00ed realizar la medici\u00f3n y an\u00e1lisis estad\u00edstico de la utilizaci\u00f3n que hacen los usuarios del servicio ofertado. Para ello se analiza su navegaci\u00f3n en nuestra p\u00e1gina web con el fin de mejorar la oferta de productos o servicios que le ofrecemos.<\/p><p>\u00a0<\/p><p>Esta web utiliza las siguientes cookies de an\u00e1lisis:<\/p><p>\u00a0<\/p><table border=\"1\"><tbody><tr><th>Cookie<\/th><th>Finalidad<\/th><th>Duraci\u00f3n<\/th><\/tr><tr><td>_ga<\/td><td>Se usa para distinguir a los usuarios<\/td><td>2 a\u00f1os<\/td><\/tr><tr><td>_gat<\/td><td>Se usa para limitar el porcentaje de solicitudes<\/td><td>10 minutos<\/td><\/tr><\/tbody><\/table><h2>\u00a0<\/h2><p><span style=\"font-weight: 400;\">Seg\u00fan la entidad que las gestiona:<\/span><\/p><p><span style=\"font-weight: 400;\">\u00a0<\/span><\/p><p><span style=\"font-weight: 400;\">&#8211; <span style=\"text-decoration: underline;\">Cookies propias:<\/span> las que enviamos al equipo del usuario desde un equipo o dominio gestionado por THE POINT HANDSHAKER'S, S.L. y desde el cual se presta el servicio solicitado por el usuario.<\/span><\/p><p><span style=\"font-weight: 400;\">\u00a0<\/span><\/p><p><span style=\"font-weight: 400;\">&#8211; <span style=\"text-decoration: underline;\">Cookies de terceros:<\/span> las que se env\u00edan al equipo del usuario desde un equipo o dominio que no es gestionado por MORILLAS BRAND DESIGN, S.L., sino por terceros.<\/span><\/p><p><span style=\"font-weight: 400;\">\u00a0<\/span><\/p><p><span style=\"font-weight: 400;\">\u00a0<\/span><\/p><p><span style=\"font-weight: 400;\">Seg\u00fan el plazo de tiempo que permanezcan activas:<\/span><\/p><p><span style=\"font-weight: 400;\">\u00a0<\/span><\/p><p><span style=\"font-weight: 400;\">&#8211; <span style=\"text-decoration: underline;\">Cookies de sesi\u00f3n:<\/span> son temporales y permanecen en el navegador del equipo del usuario hasta que abandona el sitio web, la aplicaci\u00f3n o la plataforma. Estas cookies permiten facilitar y agilizar la navegaci\u00f3n.<\/span><\/p><p><span style=\"font-weight: 400;\">\u00a0<\/span><\/p><p><span style=\"font-weight: 400;\">&#8211; <span style=\"text-decoration: underline;\">Cookies persistentes:<\/span> son aquellas en las que la informaci\u00f3n se almacena en el equipo del usuario y puede accederse a ellas durante un per\u00edodo de tiempo establecido por el responsable de la cookie (puede ser de unos minutos o de a\u00f1os).<\/span><\/p><p><span style=\"font-weight: 400;\">\u00a0<\/span><\/p><p><span style=\"font-weight: 400;\">\u00a0<\/span><\/p><p><span style=\"font-weight: 400;\">Seg\u00fan su finalidad:<\/span><\/p><p><span style=\"font-weight: 400;\">\u00a0<\/span><\/p><p><span style=\"font-weight: 400;\">&#8211; <span style=\"text-decoration: underline;\">Cookies t\u00e9cnicas:<\/span> son las que permiten al usuario la navegaci\u00f3n por un sitio web, una aplicaci\u00f3n o una plataforma.<\/span><\/p><p><span style=\"font-weight: 400;\">\u00a0<\/span><\/p><p><span style=\"font-weight: 400;\">&#8211; <span style=\"text-decoration: underline;\">Cookies de personalizaci\u00f3n:<\/span> son las que permiten al usuario acceder al servicio con algunas caracter\u00edsticas generales predefinidas, como por ejemplo el idioma, el tipo de navegador de acceso, etc.<\/span><\/p><p><span style=\"font-weight: 400;\">\u00a0<\/span><\/p><p><span style=\"font-weight: 400;\">&#8211; <span style=\"text-decoration: underline;\">Cookies de an\u00e1lisis:<\/span> son las que permiten cuantificar el n\u00famero de usuarios y as\u00ed realizar mediciones y an\u00e1lisis estad\u00edsticos de la actividad de los sitios web, las aplicaciones o las plataformas, y elaborar perfiles de navegaci\u00f3n de los usuarios con el fin de introducir mejoras.<\/span><\/p><p><span style=\"font-weight: 400;\">\u00a0<\/span><\/p><p><span style=\"font-weight: 400;\">Las cookies propias de THE POINT HANDSHAKER\u2019S, S.L. que se utilizan en este sitio web son t\u00e9cnicas y de personalizaci\u00f3n, las cuales, a la vez, pueden ser de sesi\u00f3n y persistentes. De conformidad con el art\u00edculo 22.2 de la Ley 34\/2002, de 11 de julio, de Servicios de la Sociedad de la Informaci\u00f3n y de Comercio Electr\u00f3nico, las cookies propias de THE POINT HANDSHAKER\u2019S, S.L. no requieren el consentimiento de los usuarios.<\/span><\/p>\t\t\t\t\t\t\t\t<\/div>\n\t\t\t\t<\/div>\n\t\t\t\t\t<\/div>\n\t\t<\/div>\n\t\t\t\t\t<\/div>\n\t\t<\/div>\n\t\t\t\t<div class=\"elementor-section elementor-inner-section elementor-element elementor-element-e6f0203 elementor-section-full_width elementor-section-content-top elementor-section-height-default elementor-section-height-default\" data-id=\"e6f0203\" data-element_type=\"section\" data-e-type=\"section\">\n\t\t\t\t\t\t<div class=\"elementor-container elementor-column-gap-no\">\n\t\t\t\t\t<div class=\"elementor-column elementor-col-100 elementor-inner-column elementor-element elementor-element-0bf39ba\" data-id=\"0bf39ba\" data-element_type=\"column\" data-e-type=\"column\">\n\t\t\t<div class=\"elementor-widget-wrap elementor-element-populated\">\n\t\t\t\t\t\t<div class=\"elementor-element elementor-element-b87216a nosotros elementor-invisible elementor-widget elementor-widget-heading\" data-id=\"b87216a\" data-element_type=\"widget\" data-e-type=\"widget\" data-settings=\"{&quot;_animation&quot;:&quot;fadeIn&quot;,&quot;_animation_delay&quot;:150}\" data-widget_type=\"heading.default\">\n\t\t\t\t<div class=\"elementor-widget-container\">\n\t\t\t\t\t<h3 class=\"elementor-heading-title elementor-size-default\">3. OPCIONES QUE TIENEN LOS USUARIOS DE ESTA WEB<\/h3>\t\t\t\t<\/div>\n\t\t\t\t<\/div>\n\t\t\t\t<div class=\"elementor-element elementor-element-a9f6783 elementor-invisible elementor-widget elementor-widget-text-editor\" data-id=\"a9f6783\" data-element_type=\"widget\" data-e-type=\"widget\" data-settings=\"{&quot;_animation&quot;:&quot;fadeIn&quot;,&quot;_animation_delay&quot;:200}\" data-widget_type=\"text-editor.default\">\n\t\t\t\t<div class=\"elementor-widget-container\">\n\t\t\t\t\t\t\t\t\t<p><span style=\"font-weight: 400;\">El usuario tiene tres opciones:<\/span><\/p><p><span style=\"font-weight: 400;\">\u00a0<\/span><\/p><p><span style=\"font-weight: 400;\">- Aceptar la instalaci\u00f3n de cookies pulsando el bot\u00f3n \u201cAceptar\u201d que aparece en el aviso situado en la parte inferior<\/span><span style=\"color: var( --e-global-color-primary ); letter-spacing: 1.3px; background-color: var( --e-global-color-secondary );\">\u00a0de este sitio web, relativo a la informaci\u00f3n y aceptaci\u00f3n de cookies. En este caso, el usuario no volver\u00e1 a visualizar el aviso mencionado, excepto en caso de modificaci\u00f3n de nuestra pol\u00edtica de cookies, o bien transcurrido un a\u00f1o desde su aceptaci\u00f3n, plazo en el cual volver\u00e1 a aparecer nuevamente el referido aviso cuando navegue por este sitio web, cuya pol\u00edtica de cookies acept\u00f3.<\/span><\/p><p><span style=\"color: var( --e-global-color-primary ); letter-spacing: 1.3px; background-color: var( --e-global-color-secondary );\">\u00a0<\/span><\/p><p><span style=\"font-weight: 400;\">- No pulsar el bot\u00f3n \u201cAceptar\u201d que aparece en el citado aviso de informaci\u00f3n y aceptaci\u00f3n de cookies y seguir navegando por nuestro sitio web. En este caso, se considera que ha aceptado la instalaci\u00f3n de cookies, pero a diferencia del supuesto anterior, cada vez que navegue por nuestro sitio web continuar\u00e1 apareciendo el aviso de informaci\u00f3n y aceptaci\u00f3n de cookies.<\/span><\/p><p><span style=\"font-weight: 400;\">\u00a0<\/span><\/p><p><span style=\"font-weight: 400;\">- Configurar el navegador de su equipo para restringir, bloquear o eliminar las cookies instaladas o impedir que se instalen.<\/span><\/p><p><span style=\"font-weight: 400;\">\u00a0<\/span><\/p><p><span style=\"font-weight: 400;\">En cualquier caso, el usuario podr\u00e1 revocar la aceptaci\u00f3n de cookies, elimin\u00e1ndolas en el apartado de configuraci\u00f3n de su navegador.<\/span><\/p>\t\t\t\t\t\t\t\t<\/div>\n\t\t\t\t<\/div>\n\t\t\t\t\t<\/div>\n\t\t<\/div>\n\t\t\t\t\t<\/div>\n\t\t<\/div>\n\t\t\t\t<div class=\"elementor-section elementor-inner-section elementor-element elementor-element-5b181d8 elementor-section-full_width elementor-section-content-top elementor-section-height-default elementor-section-height-default\" data-id=\"5b181d8\" data-element_type=\"section\" data-e-type=\"section\">\n\t\t\t\t\t\t<div class=\"elementor-container elementor-column-gap-no\">\n\t\t\t\t\t<div class=\"elementor-column elementor-col-100 elementor-inner-column elementor-element elementor-element-304afa1\" data-id=\"304afa1\" data-element_type=\"column\" data-e-type=\"column\">\n\t\t\t<div class=\"elementor-widget-wrap elementor-element-populated\">\n\t\t\t\t\t\t<div class=\"elementor-element elementor-element-be1dcc0 nosotros elementor-invisible elementor-widget elementor-widget-heading\" data-id=\"be1dcc0\" data-element_type=\"widget\" data-e-type=\"widget\" data-settings=\"{&quot;_animation&quot;:&quot;fadeIn&quot;,&quot;_animation_delay&quot;:150}\" data-widget_type=\"heading.default\">\n\t\t\t\t<div class=\"elementor-widget-container\">\n\t\t\t\t\t<h3 class=\"elementor-heading-title elementor-size-default\">4. ELIMINACI\u00d3N DE COOKIES<\/h3>\t\t\t\t<\/div>\n\t\t\t\t<\/div>\n\t\t\t\t<div class=\"elementor-element elementor-element-5ebc09a elementor-invisible elementor-widget elementor-widget-text-editor\" data-id=\"5ebc09a\" data-element_type=\"widget\" data-e-type=\"widget\" data-settings=\"{&quot;_animation&quot;:&quot;fadeIn&quot;,&quot;_animation_delay&quot;:200}\" data-widget_type=\"text-editor.default\">\n\t\t\t\t<div class=\"elementor-widget-container\">\n\t\t\t\t\t\t\t\t\t<p><span style=\"font-weight: 400;\">Los usuarios pueden restringir, bloquear o eliminar las cookies instaladas en su equipo mediante la configuraci\u00f3n de las opciones del navegador que tengan instalado en su equipo. En caso de que no permita la instalaci\u00f3n de cookies en su navegador, es posible que no pueda acceder a alguna de nuestras secciones o utilidades, e incluso que no pueda navegar.<\/span><\/p><p><span style=\"font-weight: 400;\">\u00a0<\/span><\/p><p><span style=\"font-weight: 400;\">- Si su equipo utiliza el navegador Internet Explorer, puede obtener informaci\u00f3n sobre como bloquear o eliminar el uso de cookies en <\/span><span style=\"text-decoration: underline;\"><a class=\"element-custom-hover\" href=\"https:\/\/support.microsoft.com\/es-es\/help\/17442\/windows-internet-explorer-delete-manage-cookies#ie=ie-10\"><span style=\"font-weight: 400;\">https:\/\/support.microsoft.com\/es-es\/help\/17442\/windows-internet-explorer-delete-manage-cookies#ie=ie-10<\/span><\/a><\/span><\/p><p>\u00a0<\/p><p><span style=\"font-weight: 400;\">- Si su equipo utiliza el navegador Firefox, puede obtener informaci\u00f3n sobre como bloquear o eliminar el uso de cookies en <\/span><span style=\"text-decoration: underline;\"><a class=\"element-custom-hover\" href=\"http:\/\/support.mozilla.org\/es\/kb\/Borrar%20cookies\"><span style=\"font-weight: 400;\">http:\/\/support.mozilla.org\/es\/kb\/Borrar%20cookies<\/span><\/a><\/span><\/p><p>\u00a0<\/p><p><span style=\"font-weight: 400;\">- Si su equipo utiliza el navegador Chrome, puede obtener informaci\u00f3n sobre como bloquear o eliminar el uso de cookies en <\/span><span style=\"text-decoration: underline;\"><a class=\"element-custom-hover\" href=\"http:\/\/support.google.com\/chrome\/answer\/95647?hl=es\"><span style=\"font-weight: 400;\">http:\/\/support.google.com\/chrome\/answer\/95647?hl=es<\/span><\/a><\/span><\/p><p>\u00a0<\/p><p><span style=\"font-weight: 400;\">- Si su equipo utiliza el navegador Safari, puede obtener informaci\u00f3n sobre como bloquear o eliminar el uso de cookies en <\/span><span style=\"text-decoration: underline;\"><a class=\"element-custom-hover\" href=\"https:\/\/www.apple.com\/es\/privacy\/use-of-cookies\/\"><span style=\"font-weight: 400;\">https:\/\/www.apple.com\/es\/privacy\/use-of-cookies\/<\/span><\/a><\/span><\/p>\t\t\t\t\t\t\t\t<\/div>\n\t\t\t\t<\/div>\n\t\t\t\t<div class=\"elementor-element elementor-element-bf33037 elementor-nav-menu__align-center elementor-nav-menu--dropdown-none elementor-widget elementor-widget-nav-menu\" data-id=\"bf33037\" data-element_type=\"widget\" data-e-type=\"widget\" data-settings=\"{&quot;layout&quot;:&quot;horizontal&quot;,&quot;submenu_icon&quot;:{&quot;value&quot;:&quot;&lt;i class=\\&quot;fas fa-caret-down\\&quot; aria-hidden=\\&quot;true\\&quot;&gt;&lt;\\\/i&gt;&quot;,&quot;library&quot;:&quot;fa-solid&quot;}}\" data-widget_type=\"nav-menu.default\">\n\t\t\t\t<div class=\"elementor-widget-container\">\n\t\t\t\t\t\t\t\t<nav aria-label=\"Men\u00fa\" class=\"elementor-nav-menu--main elementor-nav-menu__container elementor-nav-menu--layout-horizontal e--pointer-underline e--animation-grow\">\n\t\t\t\t<ul id=\"menu-1-bf33037\" class=\"elementor-nav-menu\"><li class=\"menu-item menu-item-type-custom menu-item-object-custom menu-item-2348\"><a href=\"https:\/\/nutsindulgenceclub.com\/es\/\" class=\"elementor-item\">VOLVER A LA HOME<\/a><\/li>\n<\/ul>\t\t\t<\/nav>\n\t\t\t\t\t\t<nav class=\"elementor-nav-menu--dropdown elementor-nav-menu__container\" aria-hidden=\"true\">\n\t\t\t\t<ul id=\"menu-2-bf33037\" class=\"elementor-nav-menu\"><li class=\"menu-item menu-item-type-custom menu-item-object-custom menu-item-2348\"><a href=\"https:\/\/nutsindulgenceclub.com\/es\/\" class=\"elementor-item\" tabindex=\"-1\">VOLVER A LA HOME<\/a><\/li>\n<\/ul>\t\t\t<\/nav>\n\t\t\t\t\t\t<\/div>\n\t\t\t\t<\/div>\n\t\t\t\t\t<\/div>\n\t\t<\/div>\n\t\t\t\t\t<\/div>\n\t\t<\/div>\n\t\t\t\t\t<\/div>\n\t\t<\/div>\n\t\t\t\t\t<\/div>\n\t\t<\/div>\n\t\t\t\t<\/div>","protected":false},"excerpt":{"rendered":"<p>cookies 1. WHAT ARE COOKIES? A cookie is a file which is sent to your computer when you browse certain websites. Cookies enable a website to store and retrieve information about your browsing activity or how you use your device. Depending on the information contained &hellip; <\/p>","protected":false},"author":1,"featured_media":667,"parent":0,"menu_order":0,"comment_status":"closed","ping_status":"closed","template":"elementor_canvas","meta":{"om_disable_all_campaigns":false,"inline_featured_image":false,"_monsterinsights_skip_tracking":false,"_monsterinsights_sitenote_active":false,"_monsterinsights_sitenote_note":"","_monsterinsights_sitenote_category":0,"_uf_show_specific_survey":0,"_uf_disable_surveys":false,"footnotes":""},"class_list":["post-2530","page","type-page","status-publish","has-post-thumbnail","hentry"],"aioseo_notices":[],"_links":{"self":[{"href":"https:\/\/nutsindulgenceclub.com\/es\/wp-json\/wp\/v2\/pages\/2530","targetHints":{"allow":["GET"]}}],"collection":[{"href":"https:\/\/nutsindulgenceclub.com\/es\/wp-json\/wp\/v2\/pages"}],"about":[{"href":"https:\/\/nutsindulgenceclub.com\/es\/wp-json\/wp\/v2\/types\/page"}],"author":[{"embeddable":true,"href":"https:\/\/nutsindulgenceclub.com\/es\/wp-json\/wp\/v2\/users\/1"}],"replies":[{"embeddable":true,"href":"https:\/\/nutsindulgenceclub.com\/es\/wp-json\/wp\/v2\/comments?post=2530"}],"version-history":[{"count":19,"href":"https:\/\/nutsindulgenceclub.com\/es\/wp-json\/wp\/v2\/pages\/2530\/revisions"}],"predecessor-version":[{"id":2574,"href":"https:\/\/nutsindulgenceclub.com\/es\/wp-json\/wp\/v2\/pages\/2530\/revisions\/2574"}],"wp:featuredmedia":[{"embeddable":true,"href":"https:\/\/nutsindulgenceclub.com\/es\/wp-json\/wp\/v2\/media\/667"}],"wp:attachment":[{"href":"https:\/\/nutsindulgenceclub.com\/es\/wp-json\/wp\/v2\/media?parent=2530"}],"curies":[{"name":"wp","href":"https:\/\/api.w.org\/{rel}","templated":true}]}}